{"id":4596,"date":"2024-11-15T16:15:47","date_gmt":"2024-11-15T16:15:47","guid":{"rendered":"https:\/\/speedtaxi.al\/sitemap\/"},"modified":"2024-12-05T12:07:05","modified_gmt":"2024-12-05T12:07:05","slug":"sitemap","status":"publish","type":"page","link":"https:\/\/speedtaxi.al\/sq\/sitemap\/","title":{"rendered":"Sitemap"},"content":{"rendered":"<div class=\"wsp-container\"><h2 class=\"wsp-pages-title\">Pages<\/h2>\n<ul class=\"wsp-pages-list\">\n<li class=\"page_item page-item-4479\"><a href=\"https:\/\/speedtaxi.al\/sq\/2-minuta\/\">2 Minuta<\/a><\/li>\n<li class=\"page_item page-item-2392\"><a href=\"https:\/\/speedtaxi.al\/sq\/aplikacioni\/\">Aplikacioni<\/a><\/li>\n<li class=\"page_item page-item-4605\"><a href=\"https:\/\/speedtaxi.al\/sq\/durres\/\">Durres<\/a><\/li>\n<li class=\"page_item page-item-4629\"><a href=\"https:\/\/speedtaxi.al\/sq\/elbasan\/\">Elbasan<\/a><\/li>\n<li class=\"page_item page-item-2221\"><a href=\"https:\/\/speedtaxi.al\/sq\/\">Faqja Kryesore<\/a><\/li>\n<li class=\"page_item page-item-2271\"><a href=\"https:\/\/speedtaxi.al\/sq\/faqs\/\">FAQs<\/a><\/li>\n<li class=\"page_item page-item-2256\"><a href=\"https:\/\/speedtaxi.al\/sq\/kontakt\/\">Kontakt<\/a><\/li>\n<li class=\"page_item page-item-4578\"><a href=\"https:\/\/speedtaxi.al\/sq\/lezhe\/\">Lezhe<\/a><\/li>\n<li class=\"page_item page-item-2474\"><a href=\"https:\/\/speedtaxi.al\/sq\/merr-taksi\/\">Merr Taksi<\/a><\/li>\n<li class=\"page_item page-item-2255\"><a href=\"https:\/\/speedtaxi.al\/sq\/qytetet\/\">Qytetet<\/a><\/li>\n<li class=\"page_item page-item-4590\"><a href=\"https:\/\/speedtaxi.al\/sq\/taksi-tirane-rinas-aeroport\/\">Rinas<\/a><\/li>\n<li class=\"page_item page-item-2254\"><a href=\"https:\/\/speedtaxi.al\/sq\/rreth-nesh\/\">Rreth Nesh<\/a><\/li>\n<li class=\"page_item page-item-4564\"><a href=\"https:\/\/speedtaxi.al\/sq\/shkodra\/\">Shkodra<\/a><\/li>\n<li class=\"page_item page-item-4596\"><a href=\"https:\/\/speedtaxi.al\/sq\/sitemap\/\">Sitemap<\/a><\/li>\n<li class=\"page_item page-item-5836\"><a href=\"https:\/\/speedtaxi.al\/sq\/berat\/\">Taxi Berat<\/a><\/li>\n<li class=\"page_item page-item-5612\"><a href=\"https:\/\/speedtaxi.al\/sq\/gjirokaster\/\">Taxi Gjirokaster<\/a><\/li>\n<li class=\"page_item page-item-5581\"><a href=\"https:\/\/speedtaxi.al\/sq\/korce\/\">Taxi Korce<\/a><\/li>\n<li class=\"page_item page-item-5739\"><a href=\"https:\/\/speedtaxi.al\/sq\/permet\/\">Taxi P\u00ebrmet<\/a><\/li>\n<li class=\"page_item page-item-5622\"><a href=\"https:\/\/speedtaxi.al\/sq\/sarande\/\">Taxi Sarande<\/a><\/li>\n<li class=\"page_item page-item-4170\"><a href=\"https:\/\/speedtaxi.al\/sq\/tirana\/\">Tirana<\/a><\/li>\n<li class=\"page_item page-item-4639\"><a href=\"https:\/\/speedtaxi.al\/sq\/vlore\/\">Vlore<\/a><\/li>\n<\/ul>\n<\/div>\n<div class=\"wsp-container\"><h2 class=\"wsp-posts-title\">Posts by category<\/h2>\n<ul class=\"wsp-posts-list\">\n\t<li><strong class=\"wsp-category-title\">Category: <a href=\"https:\/\/speedtaxi.al\/sq\/category\/berat-sq\/\">Berat<\/a><\/strong>\n<ul class=\"wsp-posts-list\">\t\t<li class=\"wsp-post\"><a href=\"https:\/\/speedtaxi.al\/sq\/taksi-nga-tirana-ne-berat\/\">Taksi nga Tirana n\u00eb Berat<\/a><\/li>\n<\/ul><\/li>\n\t<li><strong class=\"wsp-category-title\">Category: <a href=\"https:\/\/speedtaxi.al\/sq\/category\/detaje\/\">Detaje<\/a><\/strong>\n<ul class=\"wsp-posts-list\">\t\t<li class=\"wsp-post\"><a href=\"https:\/\/speedtaxi.al\/sq\/si-te-rezervoni-nje-taksi-per-biznesin-tuaj-me-speed-taxi\/\">Si t\u00eb rezervoni nj\u00eb taksi p\u00ebr biznesin tuaj me Speed Taxi?<\/a><\/li>\n\t\t<li class=\"wsp-post\"><a href=\"https:\/\/speedtaxi.al\/sq\/si-te-kuptoni-ndikimin-mjedisor-te-ndarjes-se-udhetimit-cfare-duhet-te-dije-cdo-pasagjer\/\">Si t\u00eb kuptoni ndikimin mjedisor t\u00eb ndarjes s\u00eb udh\u00ebtimit: \u00c7far\u00eb duhet t\u00eb dij\u00eb \u00e7do pasagjer<\/a><\/li>\n<\/ul><\/li>\n\t<li><strong class=\"wsp-category-title\">Category: <a href=\"https:\/\/speedtaxi.al\/sq\/category\/durres-sq\/\">Durres<\/a><\/strong>\n<ul class=\"wsp-posts-list\">\t\t<li class=\"wsp-post\"><a href=\"https:\/\/speedtaxi.al\/sq\/eksploro-durresin-me-taksi\/\">Eksploro Durr\u00ebsin me Taksi<\/a><\/li>\n\t\t<li class=\"wsp-post\"><a href=\"https:\/\/speedtaxi.al\/sq\/taxi-nga-durresi-ne-vlore\/\">Taxi nga Durr\u00ebsi n\u00eb Vlor\u00eb<\/a><\/li>\n\t\t<li class=\"wsp-post\"><a href=\"https:\/\/speedtaxi.al\/sq\/taksi-golem\/\">Taksi Golem<\/a><\/li>\n\t\t<li class=\"wsp-post\"><a href=\"https:\/\/speedtaxi.al\/sq\/taxi-durres-rinas\/\">Taxi Durr\u00ebs Rinas<\/a><\/li>\n\t\t<li class=\"wsp-post\"><a href=\"https:\/\/speedtaxi.al\/sq\/taxi-tirane-durres\/\">Taxi Tiran\u00eb Durr\u00ebs<\/a><\/li>\n\t\t<li class=\"wsp-post\"><a href=\"https:\/\/speedtaxi.al\/sq\/cfare-te-vizitoni-ne-durres-me-taksi\/\">\u00c7far\u00eb t\u00eb Vizitoni n\u00eb Durr\u00ebs me Taksi<\/a><\/li>\n\t\t<li class=\"wsp-post\"><a href=\"https:\/\/speedtaxi.al\/sq\/taksi-durres-tirane\/\">Taksi nga Durresi ne Tirane<\/a><\/li>\n<\/ul><\/li>\n\t<li><strong class=\"wsp-category-title\">Category: <a href=\"https:\/\/speedtaxi.al\/sq\/category\/elbasan-sq\/\">Elbasan<\/a><\/strong>\n<ul class=\"wsp-posts-list\">\t\t<li class=\"wsp-post\"><a href=\"https:\/\/speedtaxi.al\/sq\/taksi-tirane-elbasan\/\">Taksi Tirane Elbasan<\/a><\/li>\n\t\t<li class=\"wsp-post\"><a href=\"https:\/\/speedtaxi.al\/sq\/zbuloni-elbasanin-me-taksi\/\">Zbuloni Elbasanin me Taksi<\/a><\/li>\n\t\t<li class=\"wsp-post\"><a href=\"https:\/\/speedtaxi.al\/sq\/taksi-nga-elbasani-ne-aeroportin-e-rinasit\/\">Taksi nga Elbasani n\u00eb Aeroportin e Rinasit<\/a><\/li>\n<\/ul><\/li>\n\t<li><strong class=\"wsp-category-title\">Category: <a href=\"https:\/\/speedtaxi.al\/sq\/category\/gjirokaster-sq\/\">Gjirokast\u00ebr<\/a><\/strong>\n<ul class=\"wsp-posts-list\">\t\t<li class=\"wsp-post\"><a href=\"https:\/\/speedtaxi.al\/sq\/eksploro-gjirokastren-me-speed-taxi\/\">Eksploro Gjirokastr\u00ebn me Speed Taxi<\/a><\/li>\n\t\t<li class=\"wsp-post\"><a href=\"https:\/\/speedtaxi.al\/sq\/taxi-nga-tirana-ne-gjirokaster\/\">Taxi nga Tirana n\u00eb Gjirokast\u00ebr<\/a><\/li>\n<\/ul><\/li>\n\t<li><strong class=\"wsp-category-title\">Category: <a href=\"https:\/\/speedtaxi.al\/sq\/category\/korca-sq\/\">Korca<\/a><\/strong>\n<ul class=\"wsp-posts-list\">\t\t<li class=\"wsp-post\"><a href=\"https:\/\/speedtaxi.al\/sq\/eksploro-korcen-me-taksi\/\">Eksploro Kor\u00e7\u00ebn me Taksi<\/a><\/li>\n\t\t<li class=\"wsp-post\"><a href=\"https:\/\/speedtaxi.al\/sq\/taxi-tirane-korce\/\">Taxi Tiran\u00eb Kor\u00e7\u00eb<\/a><\/li>\n<\/ul><\/li>\n\t<li><strong class=\"wsp-category-title\">Category: <a href=\"https:\/\/speedtaxi.al\/sq\/category\/lezha-sq\/\">Lezha<\/a><\/strong>\n<ul class=\"wsp-posts-list\">\t\t<li class=\"wsp-post\"><a href=\"https:\/\/speedtaxi.al\/sq\/taxi-shengjin\/\">Taxi Shengjin<\/a><\/li>\n<\/ul><\/li>\n\t<li><strong class=\"wsp-category-title\">Category: <a href=\"https:\/\/speedtaxi.al\/sq\/category\/saranda-sq\/\">Saranda<\/a><\/strong>\n<ul class=\"wsp-posts-list\">\t\t<li class=\"wsp-post\"><a href=\"https:\/\/speedtaxi.al\/sq\/cfare-te-beni-ne-sarande-me-taksi\/\">\u00c7far\u00eb t\u00eb B\u00ebni n\u00eb Sarand\u00eb me Taksi<\/a><\/li>\n\t\t<li class=\"wsp-post\"><a href=\"https:\/\/speedtaxi.al\/sq\/taxi-nga-vlora-ne-sarande\/\">Taxi nga Vlora n\u00eb Sarand\u00eb<\/a><\/li>\n\t\t<li class=\"wsp-post\"><a href=\"https:\/\/speedtaxi.al\/sq\/taxi-ksamil\/\">Taxi Ksamil<\/a><\/li>\n\t\t<li class=\"wsp-post\"><a href=\"https:\/\/speedtaxi.al\/sq\/taxi-nga-tirana-ne-sarande\/\">Taxi nga Tirana n\u00eb Sarand\u00eb<\/a><\/li>\n<\/ul><\/li>\n\t<li><strong class=\"wsp-category-title\">Category: <a href=\"https:\/\/speedtaxi.al\/sq\/category\/shkoder-sq\/\">Shkod\u00ebr<\/a><\/strong>\n<ul class=\"wsp-posts-list\">\t\t<li class=\"wsp-post\"><a href=\"https:\/\/speedtaxi.al\/sq\/taxi-velipoje\/\">Taxi Velipoje<\/a><\/li>\n\t\t<li class=\"wsp-post\"><a href=\"https:\/\/speedtaxi.al\/sq\/taxi-shkoder-tirane\/\">Taxi Shkod\u00ebr &#8211; Tiran\u00eb<\/a><\/li>\n\t\t<li class=\"wsp-post\"><a href=\"https:\/\/speedtaxi.al\/sq\/cfare-te-vizitoni-ne-shkoder-me-taksi\/\">\u00c7far\u00eb t\u00eb Vizitoni n\u00eb Shkod\u00ebr me Taksi<\/a><\/li>\n\t\t<li class=\"wsp-post\"><a href=\"https:\/\/speedtaxi.al\/sq\/taksi-nga-aeroporti-i-rinasit-ne-shkoder\/\">Taksi nga Aeroporti i Rinasit n\u00eb Shkod\u00ebr<\/a><\/li>\n<\/ul><\/li>\n\t<li><strong class=\"wsp-category-title\">Category: <a href=\"https:\/\/speedtaxi.al\/sq\/category\/taxi-sq\/\">taxi<\/a><\/strong>\n<ul class=\"wsp-posts-list\">\t\t<li class=\"wsp-post\"><a href=\"https:\/\/speedtaxi.al\/sq\/uber-ne-shqiperi-zgjidh-speed-taxi\/\">Uber n\u00eb Shqip\u00ebri? Zgjidh Speed Taxi<\/a><\/li>\n\t\t<li class=\"wsp-post\"><a href=\"https:\/\/speedtaxi.al\/sq\/taxi-tirane-prizren\/\">Taxi Tirane Prizren<\/a><\/li>\n\t\t<li class=\"wsp-post\"><a href=\"https:\/\/speedtaxi.al\/sq\/eksploroni-shqiperine-me-taksi\/\">Eksploroni Shqip\u00ebrin\u00eb me Taksi<\/a><\/li>\n\t\t<li class=\"wsp-post\"><a href=\"https:\/\/speedtaxi.al\/sq\/speed-taxi-vs-traditional-taxis-whats-the-difference\/\">Speed Taxi vs. Taksit\u00eb Tradicionale \u2013 Cili \u00ebsht\u00eb ndryshimi?<\/a><\/li>\n\t\t<li class=\"wsp-post\"><a href=\"https:\/\/speedtaxi.al\/taxi-tirana-prishtina\/\">Taxi Tirana to Prishtina<\/a><\/li>\n\t\t<li class=\"wsp-post\"><a href=\"https:\/\/speedtaxi.al\/sq\/taxi-tirana-prishtina\/\">Taxi Tirana Prishtina<\/a><\/li>\n\t\t<li class=\"wsp-post\"><a href=\"https:\/\/speedtaxi.al\/sq\/rezervo-taxi\/\">Rezervo Taxi<\/a><\/li>\n\t\t<li class=\"wsp-post\"><a href=\"https:\/\/speedtaxi.al\/sq\/sherbimi-me-i-mire-taksi-ne-tirane\/\">Sh\u00ebrbimi m\u00eb i Mir\u00eb Taksi n\u00eb Tiran\u00eb<\/a><\/li>\n\t\t<li class=\"wsp-post\"><a href=\"https:\/\/speedtaxi.al\/sq\/udhetim-pa-vonesa-me-speed-taxi-tirane\/\">Udh\u00ebtim pa vonesa, me Speed Taxi Tiran\u00eb<\/a><\/li>\n\t\t<li class=\"wsp-post\"><a href=\"https:\/\/speedtaxi.al\/sq\/shpejt-dhe-sigurt-kudo-me-speed-taxi\/\">Shpejt dhe sigurt &#8211; Kudo me Speed Taxi<\/a><\/li>\n<\/ul><\/li>\n\t<li><strong class=\"wsp-category-title\">Category: <a href=\"https:\/\/speedtaxi.al\/sq\/category\/tips-sq\/\">Tips<\/a><\/strong>\n<ul class=\"wsp-posts-list\">\t\t<li class=\"wsp-post\"><a href=\"https:\/\/speedtaxi.al\/sq\/10-keshilla-per-vizitoret-per-here-te-pare\/\">10 k\u00ebshilla p\u00ebr vizitor\u00ebt p\u00ebr her\u00eb t\u00eb par\u00eb<\/a><\/li>\n<\/ul><\/li>\n\t<li><strong class=\"wsp-category-title\">Category: <a href=\"https:\/\/speedtaxi.al\/sq\/category\/tirana-sq\/\">Tirana<\/a><\/strong>\n<ul class=\"wsp-posts-list\">\t\t<li class=\"wsp-post\"><a href=\"https:\/\/speedtaxi.al\/sq\/taksi-elektrike-ne-tirane\/\">Taksi elektrike n\u00eb Tiran\u00eb<\/a><\/li>\n\t\t<li class=\"wsp-post\"><a href=\"https:\/\/speedtaxi.al\/sq\/cfare-duhet-te-dini-per-transportin-ne-tirane-si-turist\/\">\u00c7far\u00eb duhet t\u00eb dini p\u00ebr transportin n\u00eb Tiran\u00eb si turist?<\/a><\/li>\n\t\t<li class=\"wsp-post\"><a href=\"https:\/\/speedtaxi.al\/sq\/cfare-te-vizitoni-ne-tirane-me-taksi\/\">\u00c7far\u00eb t\u00eb Vizitoni n\u00eb Tiran\u00eb me Taksi<\/a><\/li>\n\t\t<li class=\"wsp-post\"><a href=\"https:\/\/speedtaxi.al\/sq\/taksi-nga-tirana-ne-vlore\/\">Taksi nga Tirana n\u00eb Vlor\u00eb<\/a><\/li>\n<\/ul><\/li>\n\t<li><strong class=\"wsp-category-title\">Category: <a href=\"https:\/\/speedtaxi.al\/sq\/category\/udhezues\/\">Udh\u00ebzues<\/a><\/strong>\n<ul class=\"wsp-posts-list\">\t\t<li class=\"wsp-post\"><a href=\"https:\/\/speedtaxi.al\/sq\/atraksionet-kryesore-per-tu-vizituar-ne-tirane\/\">Atraksionet kryesore p\u00ebr t&#8217;u vizituar n\u00eb Tiran\u00eb<\/a><\/li>\n<\/ul><\/li>\n\t<li><strong class=\"wsp-category-title\">Category: <a href=\"https:\/\/speedtaxi.al\/sq\/category\/vlora-sq\/\">Vlora<\/a><\/strong>\n<ul class=\"wsp-posts-list\">\t\t<li class=\"wsp-post\"><a href=\"https:\/\/speedtaxi.al\/sq\/taxi-dhermi\/\">Taxi Dhermi<\/a><\/li>\n\t\t<li class=\"wsp-post\"><a href=\"https:\/\/speedtaxi.al\/sq\/taxi-radhime\/\">Taxi Radhime<\/a><\/li>\n\t\t<li class=\"wsp-post\"><a href=\"https:\/\/speedtaxi.al\/sq\/taxi-nga-vlora-ne-aeroportin-e-rinasit\/\">Taxi nga Vlora n\u00eb Aeroportin e Rinasit<\/a><\/li>\n\t\t<li class=\"wsp-post\"><a href=\"https:\/\/speedtaxi.al\/sq\/eksploroni-vloren-me-taksi\/\">Eksploroni Vlor\u00ebn me Taksi<\/a><\/li>\n<\/ul><\/li>\n<\/ul>\n<\/div>\n","protected":false},"excerpt":{"rendered":"","protected":false},"author":3,"featured_media":0,"parent":0,"menu_order":0,"comment_status":"closed","ping_status":"closed","template":"","meta":{"footnotes":""},"class_list":["post-4596","page","type-page","status-publish"],"yoast_head":"<!-- This site is optimized with the Yoast SEO plugin v27.3 - https:\/\/yoast.com\/product\/yoast-seo-wordpress\/ -->\n<title>Sitemap | Speed Taxi Albania<\/title>\n<meta name=\"robots\" content=\"index, follow, max-snippet:-1, max-image-preview:large, max-video-preview:-1\" \/>\n<link rel=\"canonical\" href=\"https:\/\/speedtaxi.al\/sq\/sitemap\/\" \/>\n<meta property=\"og:locale\" content=\"sq_AL\" \/>\n<meta property=\"og:type\" content=\"article\" \/>\n<meta property=\"og:title\" content=\"Sitemap | Speed Taxi Albania\" \/>\n<meta property=\"og:url\" content=\"https:\/\/speedtaxi.al\/sq\/sitemap\/\" \/>\n<meta property=\"og:site_name\" content=\"Speed Taxi Albania\" \/>\n<meta property=\"article:publisher\" content=\"https:\/\/www.facebook.com\/speedtaxialbania\/\" \/>\n<meta property=\"article:modified_time\" content=\"2024-12-05T12:07:05+00:00\" \/>\n<meta property=\"og:image\" content=\"https:\/\/i0.wp.com\/speedtaxi.al\/wp-content\/uploads\/2024\/10\/speed_taxi_logo.webp?fit=500%2C111&ssl=1\" \/>\n\t<meta property=\"og:image:width\" content=\"500\" \/>\n\t<meta property=\"og:image:height\" content=\"111\" \/>\n\t<meta property=\"og:image:type\" content=\"image\/webp\" \/>\n<meta name=\"twitter:card\" content=\"summary_large_image\" \/>\n<meta name=\"twitter:site\" content=\"@speedtaxi24h\" \/>\n<meta name=\"twitter:label1\" content=\"Est. reading time\" \/>\n\t<meta name=\"twitter:data1\" content=\"1 minute\" \/>\n<script type=\"application\/ld+json\" class=\"yoast-schema-graph\">{\"@context\":\"https:\\\/\\\/schema.org\",\"@graph\":[{\"@type\":\"WebPage\",\"@id\":\"https:\\\/\\\/speedtaxi.al\\\/sq\\\/sitemap\\\/\",\"url\":\"https:\\\/\\\/speedtaxi.al\\\/sq\\\/sitemap\\\/\",\"name\":\"Sitemap | Speed Taxi Albania\",\"isPartOf\":{\"@id\":\"https:\\\/\\\/speedtaxi.al\\\/sq\\\/#website\"},\"datePublished\":\"2024-11-15T16:15:47+00:00\",\"dateModified\":\"2024-12-05T12:07:05+00:00\",\"breadcrumb\":{\"@id\":\"https:\\\/\\\/speedtaxi.al\\\/sq\\\/sitemap\\\/#breadcrumb\"},\"inLanguage\":\"sq-AL\",\"potentialAction\":[{\"@type\":\"ReadAction\",\"target\":[\"https:\\\/\\\/speedtaxi.al\\\/sq\\\/sitemap\\\/\"]}]},{\"@type\":\"BreadcrumbList\",\"@id\":\"https:\\\/\\\/speedtaxi.al\\\/sq\\\/sitemap\\\/#breadcrumb\",\"itemListElement\":[{\"@type\":\"ListItem\",\"position\":1,\"name\":\"Home\",\"item\":\"https:\\\/\\\/speedtaxi.al\\\/sq\\\/\"},{\"@type\":\"ListItem\",\"position\":2,\"name\":\"Sitemap\"}]},{\"@type\":\"WebSite\",\"@id\":\"https:\\\/\\\/speedtaxi.al\\\/sq\\\/#website\",\"url\":\"https:\\\/\\\/speedtaxi.al\\\/sq\\\/\",\"name\":\"Speed Taxi Albania\",\"description\":\"Taxi in 2 minutes\",\"publisher\":{\"@id\":\"https:\\\/\\\/speedtaxi.al\\\/sq\\\/#organization\"},\"potentialAction\":[{\"@type\":\"SearchAction\",\"target\":{\"@type\":\"EntryPoint\",\"urlTemplate\":\"https:\\\/\\\/speedtaxi.al\\\/sq\\\/?s={search_term_string}\"},\"query-input\":{\"@type\":\"PropertyValueSpecification\",\"valueRequired\":true,\"valueName\":\"search_term_string\"}}],\"inLanguage\":\"sq-AL\"},{\"@type\":\"Organization\",\"@id\":\"https:\\\/\\\/speedtaxi.al\\\/sq\\\/#organization\",\"name\":\"Speed Taxi Albania\",\"url\":\"https:\\\/\\\/speedtaxi.al\\\/sq\\\/\",\"logo\":{\"@type\":\"ImageObject\",\"inLanguage\":\"sq-AL\",\"@id\":\"https:\\\/\\\/speedtaxi.al\\\/sq\\\/#\\\/schema\\\/logo\\\/image\\\/\",\"url\":\"https:\\\/\\\/speedtaxi.al\\\/wp-content\\\/uploads\\\/2024\\\/10\\\/favicon.webp\",\"contentUrl\":\"https:\\\/\\\/speedtaxi.al\\\/wp-content\\\/uploads\\\/2024\\\/10\\\/favicon.webp\",\"width\":256,\"height\":256,\"caption\":\"Speed Taxi Albania\"},\"image\":{\"@id\":\"https:\\\/\\\/speedtaxi.al\\\/sq\\\/#\\\/schema\\\/logo\\\/image\\\/\"},\"sameAs\":[\"https:\\\/\\\/www.facebook.com\\\/speedtaxialbania\\\/\",\"https:\\\/\\\/x.com\\\/speedtaxi24h\",\"https:\\\/\\\/www.instagram.com\\\/speedtaxi24h\\\/\"]}]}<\/script>\n<!-- \/ Yoast SEO plugin. -->","yoast_head_json":{"title":"Sitemap | Speed Taxi Albania","robots":{"index":"index","follow":"follow","max-snippet":"max-snippet:-1","max-image-preview":"max-image-preview:large","max-video-preview":"max-video-preview:-1"},"canonical":"https:\/\/speedtaxi.al\/sq\/sitemap\/","og_locale":"sq_AL","og_type":"article","og_title":"Sitemap | Speed Taxi Albania","og_url":"https:\/\/speedtaxi.al\/sq\/sitemap\/","og_site_name":"Speed Taxi Albania","article_publisher":"https:\/\/www.facebook.com\/speedtaxialbania\/","article_modified_time":"2024-12-05T12:07:05+00:00","og_image":[{"width":500,"height":111,"url":"https:\/\/i0.wp.com\/speedtaxi.al\/wp-content\/uploads\/2024\/10\/speed_taxi_logo.webp?fit=500%2C111&ssl=1","type":"image\/webp"}],"twitter_card":"summary_large_image","twitter_site":"@speedtaxi24h","twitter_misc":{"Est. reading time":"1 minute"},"schema":{"@context":"https:\/\/schema.org","@graph":[{"@type":"WebPage","@id":"https:\/\/speedtaxi.al\/sq\/sitemap\/","url":"https:\/\/speedtaxi.al\/sq\/sitemap\/","name":"Sitemap | Speed Taxi Albania","isPartOf":{"@id":"https:\/\/speedtaxi.al\/sq\/#website"},"datePublished":"2024-11-15T16:15:47+00:00","dateModified":"2024-12-05T12:07:05+00:00","breadcrumb":{"@id":"https:\/\/speedtaxi.al\/sq\/sitemap\/#breadcrumb"},"inLanguage":"sq-AL","potentialAction":[{"@type":"ReadAction","target":["https:\/\/speedtaxi.al\/sq\/sitemap\/"]}]},{"@type":"BreadcrumbList","@id":"https:\/\/speedtaxi.al\/sq\/sitemap\/#breadcrumb","itemListElement":[{"@type":"ListItem","position":1,"name":"Home","item":"https:\/\/speedtaxi.al\/sq\/"},{"@type":"ListItem","position":2,"name":"Sitemap"}]},{"@type":"WebSite","@id":"https:\/\/speedtaxi.al\/sq\/#website","url":"https:\/\/speedtaxi.al\/sq\/","name":"Speed Taxi Albania","description":"Taxi in 2 minutes","publisher":{"@id":"https:\/\/speedtaxi.al\/sq\/#organization"},"potentialAction":[{"@type":"SearchAction","target":{"@type":"EntryPoint","urlTemplate":"https:\/\/speedtaxi.al\/sq\/?s={search_term_string}"},"query-input":{"@type":"PropertyValueSpecification","valueRequired":true,"valueName":"search_term_string"}}],"inLanguage":"sq-AL"},{"@type":"Organization","@id":"https:\/\/speedtaxi.al\/sq\/#organization","name":"Speed Taxi Albania","url":"https:\/\/speedtaxi.al\/sq\/","logo":{"@type":"ImageObject","inLanguage":"sq-AL","@id":"https:\/\/speedtaxi.al\/sq\/#\/schema\/logo\/image\/","url":"https:\/\/speedtaxi.al\/wp-content\/uploads\/2024\/10\/favicon.webp","contentUrl":"https:\/\/speedtaxi.al\/wp-content\/uploads\/2024\/10\/favicon.webp","width":256,"height":256,"caption":"Speed Taxi Albania"},"image":{"@id":"https:\/\/speedtaxi.al\/sq\/#\/schema\/logo\/image\/"},"sameAs":["https:\/\/www.facebook.com\/speedtaxialbania\/","https:\/\/x.com\/speedtaxi24h","https:\/\/www.instagram.com\/speedtaxi24h\/"]}]}},"jetpack_sharing_enabled":true,"_links":{"self":[{"href":"https:\/\/speedtaxi.al\/sq\/wp-json\/wp\/v2\/pages\/4596","targetHints":{"allow":["GET"]}}],"collection":[{"href":"https:\/\/speedtaxi.al\/sq\/wp-json\/wp\/v2\/pages"}],"about":[{"href":"https:\/\/speedtaxi.al\/sq\/wp-json\/wp\/v2\/types\/page"}],"author":[{"embeddable":true,"href":"https:\/\/speedtaxi.al\/sq\/wp-json\/wp\/v2\/users\/3"}],"replies":[{"embeddable":true,"href":"https:\/\/speedtaxi.al\/sq\/wp-json\/wp\/v2\/comments?post=4596"}],"version-history":[{"count":0,"href":"https:\/\/speedtaxi.al\/sq\/wp-json\/wp\/v2\/pages\/4596\/revisions"}],"wp:attachment":[{"href":"https:\/\/speedtaxi.al\/sq\/wp-json\/wp\/v2\/media?parent=4596"}],"curies":[{"name":"wp","href":"https:\/\/api.w.org\/{rel}","templated":true}]}}